{"id":1641,"date":"2024-01-09T10:50:05","date_gmt":"2024-01-09T10:50:05","guid":{"rendered":"https:\/\/aindpro.ee\/processing-industry\/"},"modified":"2024-03-06T08:00:24","modified_gmt":"2024-03-06T08:00:24","slug":"processing-industry","status":"publish","type":"page","link":"https:\/\/aindpro.ee\/en\/processing-industry\/","title":{"rendered":"Processing industry"},"content":{"rendered":"\t\t<div data-elementor-type=\"wp-page\" data-elementor-id=\"1641\" class=\"elementor elementor-1641 elementor-585\" data-elementor-post-type=\"page\">\n\t\t\t\t\t\t<section class=\"elementor-section elementor-top-section elementor-element elementor-element-82407cb elementor-section-boxed elementor-section-height-default elementor-section-height-default\" data-id=\"82407cb\" data-element_type=\"section\" data-settings=\"{&quot;background_background&quot;:&quot;classic&quot;}\">\n\t\t\t\t\t\t\t<div class=\"elementor-background-overlay\"><\/div>\n\t\t\t\t\t\t\t<div class=\"elementor-container elementor-column-gap-default\">\n\t\t\t\t\t<div class=\"elementor-column elementor-col-100 elementor-top-column elementor-element elementor-element-afb057e\" data-id=\"afb057e\" data-element_type=\"column\">\n\t\t\t<div class=\"elementor-widget-wrap elementor-element-populated\">\n\t\t\t\t\t\t<div class=\"elementor-element elementor-element-ee51d2b elementor-invisible elementor-widget elementor-widget-heading\" data-id=\"ee51d2b\" data-element_type=\"widget\" data-settings=\"{&quot;_animation&quot;:&quot;pulse&quot;}\" data-widget_type=\"heading.default\">\n\t\t\t\t<div class=\"elementor-widget-container\">\n\t\t\t<style>\/*! elementor - v3.19.0 - 07-02-2024 *\/\n.elementor-heading-title{padding:0;margin:0;line-height:1}.elementor-widget-heading .elementor-heading-title[class*=elementor-size-]>a{color:inherit;font-size:inherit;line-height:inherit}.elementor-widget-heading .elementor-heading-title.elementor-size-small{font-size:15px}.elementor-widget-heading .elementor-heading-title.elementor-size-medium{font-size:19px}.elementor-widget-heading .elementor-heading-title.elementor-size-large{font-size:29px}.elementor-widget-heading .elementor-heading-title.elementor-size-xl{font-size:39px}.elementor-widget-heading .elementor-heading-title.elementor-size-xxl{font-size:59px}<\/style><h2 class=\"elementor-heading-title elementor-size-default\">Industries<\/h2>\t\t<\/div>\n\t\t\t\t<\/div>\n\t\t\t\t<div class=\"elementor-element elementor-element-e5ae40d elementor-icon-list--layout-inline elementor-align-center elementor-list-item-link-full_width elementor-widget elementor-widget-icon-list\" data-id=\"e5ae40d\" data-element_type=\"widget\" data-widget_type=\"icon-list.default\">\n\t\t\t\t<div class=\"elementor-widget-container\">\n\t\t\t<link rel=\"stylesheet\" href=\"https:\/\/aindpro.ee\/wp-content\/uploads\/elementor\/css\/custom-widget-icon-list.min.css?ver=1708684619\">\t\t<ul class=\"elementor-icon-list-items elementor-inline-items\">\n\t\t\t\t\t\t\t<li class=\"elementor-icon-list-item elementor-inline-item\">\n\t\t\t\t\t\t\t\t\t\t\t<a href=\"https:\/\/aindpro.ee\/infrastruktuur-vesi\/\">\n\n\t\t\t\t\t\t\t\t\t\t\t<span class=\"elementor-icon-list-text\">Infrastructure (water)<\/span>\n\t\t\t\t\t\t\t\t\t\t\t<\/a>\n\t\t\t\t\t\t\t\t\t<\/li>\n\t\t\t\t\t\t\t\t<li class=\"elementor-icon-list-item elementor-inline-item\">\n\t\t\t\t\t\t\t\t\t\t\t<a href=\"https:\/\/aindpro.ee\/energia-tootmine\/\">\n\n\t\t\t\t\t\t\t\t\t\t\t<span class=\"elementor-icon-list-text\">Energy production<\/span>\n\t\t\t\t\t\t\t\t\t\t\t<\/a>\n\t\t\t\t\t\t\t\t\t<\/li>\n\t\t\t\t\t\t<\/ul>\n\t\t\t\t<\/div>\n\t\t\t\t<\/div>\n\t\t\t\t\t<\/div>\n\t\t<\/div>\n\t\t\t\t\t<\/div>\n\t\t<\/section>\n\t\t\t\t<section class=\"elementor-section elementor-top-section elementor-element elementor-element-dbc577a elementor-reverse-tablet elementor-reverse-mobile elementor-section-boxed elementor-section-height-default elementor-section-height-default\" data-id=\"dbc577a\" data-element_type=\"section\" data-settings=\"{&quot;background_background&quot;:&quot;classic&quot;}\">\n\t\t\t\t\t\t\t<div class=\"elementor-background-overlay\"><\/div>\n\t\t\t\t\t\t\t<div class=\"elementor-container elementor-column-gap-default\">\n\t\t\t\t\t<div class=\"elementor-column elementor-col-50 elementor-top-column elementor-element elementor-element-fbf8a0e\" data-id=\"fbf8a0e\" data-element_type=\"column\">\n\t\t\t<div class=\"elementor-widget-wrap elementor-element-populated\">\n\t\t\t\t\t\t<div class=\"elementor-element elementor-element-4f9c3f2 elementor-invisible elementor-widget elementor-widget-heading\" data-id=\"4f9c3f2\" data-element_type=\"widget\" data-settings=\"{&quot;_animation&quot;:&quot;zoomIn&quot;}\" data-widget_type=\"heading.default\">\n\t\t\t\t<div class=\"elementor-widget-container\">\n\t\t\t<h2 class=\"elementor-heading-title elementor-size-default\">Processing industry<\/h2>\t\t<\/div>\n\t\t\t\t<\/div>\n\t\t\t\t<div class=\"elementor-element elementor-element-da82b95 elementor-widget elementor-widget-text-editor\" data-id=\"da82b95\" data-element_type=\"widget\" data-widget_type=\"text-editor.default\">\n\t\t\t\t<div class=\"elementor-widget-container\">\n\t\t\t<style>\/*! elementor - v3.19.0 - 07-02-2024 *\/\n.elementor-widget-text-editor.elementor-drop-cap-view-stacked .elementor-drop-cap{background-color:#69727d;color:#fff}.elementor-widget-text-editor.elementor-drop-cap-view-framed .elementor-drop-cap{color:#69727d;border:3px solid;background-color:transparent}.elementor-widget-text-editor:not(.elementor-drop-cap-view-default) .elementor-drop-cap{margin-top:8px}.elementor-widget-text-editor:not(.elementor-drop-cap-view-default) .elementor-drop-cap-letter{width:1em;height:1em}.elementor-widget-text-editor .elementor-drop-cap{float:left;text-align:center;line-height:1;font-size:50px}.elementor-widget-text-editor .elementor-drop-cap-letter{display:inline-block}<\/style>\t\t\t\t<div class=\"ql-block\" data-block-id=\"block-bb9cf25d-878b-48d8-abc9-ca074219196d\">\n<p>Aindpro Automation O\u00dc offers solutions for industrial automation, digitalization, as well as solutions for collecting and processing production process data.<\/p>\n<p>Meie meeskond omab \u00fcle 25 aastast kogemust t\u00f6\u00f6tleva t\u00f6\u00f6stuse automatiseerimise valdkonnas. <b>Omame kogemust keemiat\u00f6\u00f6stuses, kaevandustes, puidu- ja paberit\u00f6\u00f6stuses,&nbsp;<span style=\"color: var( --e-global-color-1c629ce ); background-color: var( --e-global-color-1441a35 ); font-family: -apple-system, BlinkMacSystemFont, \"Segoe UI\", Roboto, \"Helvetica Neue\", Arial, \"Noto Sans\", sans-serif, \"Apple Color Emoji\", \"Segoe UI Emoji\", \"Segoe UI Symbol\", \"Noto Color Emoji\"; font-size: 1rem;\">toiduainet\u00f6\u00f6stuses, plastit\u00f6\u00f6stuses, jne.<\/span><\/b><\/p>\n<p>Automating the production process and optimizing existing automation, as well as having more precise measurement results, allows for improved productivity, line speed, and quality.<\/p>\n<p><\/p>\n<p>Digitaliseerimine loob v\u00f5imaluse kasutada tootmisprotsessi ressursse kestlikumalt,&nbsp;<span style=\"color: var( --e-global-color-1c629ce ); background-color: var( --e-global-color-1441a35 ); font-family: -apple-system, BlinkMacSystemFont, \"Segoe UI\", Roboto, \"Helvetica Neue\", Arial, \"Noto Sans\", sans-serif, \"Apple Color Emoji\", \"Segoe UI Emoji\", \"Segoe UI Symbol\", \"Noto Color Emoji\"; font-size: 1rem;\">ning luua samade ressurssidega rohkem lisandv\u00e4\u00e4rtust.<\/span><\/p>\n<p>Data is the foundation for the efficient restructuring, enhancement, and adoption of new technologies in industrial production processes. The goal is to increase companies&#8217; ability to collect, process, and analyze their data and make necessary management decisions based on it. <\/p>\n<p><\/p>\n<p>The digitalization of industry has significantly increased the number of cyberattacks on industrial enterprises. Our focus in implementing digital solutions is to ensure the company&#8217;s cybersecurity, even with modern IT solutions and connections in place. <\/p>\n<\/div>\t\t\t\t\t\t<\/div>\n\t\t\t\t<\/div>\n\t\t\t\t\t<\/div>\n\t\t<\/div>\n\t\t\t\t<div class=\"elementor-column elementor-col-50 elementor-top-column elementor-element elementor-element-6068ef4\" data-id=\"6068ef4\" data-element_type=\"column\">\n\t\t\t<div class=\"elementor-widget-wrap elementor-element-populated\">\n\t\t\t\t\t\t<div class=\"elementor-element elementor-element-58cd931 elementor-widget elementor-widget-image\" data-id=\"58cd931\" data-element_type=\"widget\" data-widget_type=\"image.default\">\n\t\t\t\t<div class=\"elementor-widget-container\">\n\t\t\t<style>\/*! elementor - v3.19.0 - 07-02-2024 *\/\n.elementor-widget-image{text-align:center}.elementor-widget-image a{display:inline-block}.elementor-widget-image a img[src$=\".svg\"]{width:48px}.elementor-widget-image img{vertical-align:middle;display:inline-block}<\/style>\t\t\t\t\t\t\t\t\t\t<img fetchpriority=\"high\" decoding=\"async\" width=\"800\" height=\"600\" src=\"https:\/\/aindpro.ee\/wp-content\/uploads\/2024\/01\/Tootlev-toostus--1024x768.jpg\" class=\"attachment-large size-large wp-image-879\" alt=\"\" srcset=\"https:\/\/aindpro.ee\/wp-content\/uploads\/2024\/01\/Tootlev-toostus--1024x768.jpg 1024w, https:\/\/aindpro.ee\/wp-content\/uploads\/2024\/01\/Tootlev-toostus--300x225.jpg 300w, https:\/\/aindpro.ee\/wp-content\/uploads\/2024\/01\/Tootlev-toostus--768x576.jpg 768w, https:\/\/aindpro.ee\/wp-content\/uploads\/2024\/01\/Tootlev-toostus--1536x1152.jpg 1536w, https:\/\/aindpro.ee\/wp-content\/uploads\/2024\/01\/Tootlev-toostus--2048x1536.jpg 2048w\" sizes=\"(max-width: 800px) 100vw, 800px\" \/>\t\t\t\t\t\t\t\t\t\t\t\t\t<\/div>\n\t\t\t\t<\/div>\n\t\t\t\t\t<\/div>\n\t\t<\/div>\n\t\t\t\t\t<\/div>\n\t\t<\/section>\n\t\t<div class=\"elementor-element elementor-element-939e1c6 e-flex e-con-boxed e-con e-parent\" data-id=\"939e1c6\" data-element_type=\"container\" data-settings=\"{&quot;background_background&quot;:&quot;classic&quot;,&quot;content_width&quot;:&quot;boxed&quot;}\" data-core-v316-plus=\"true\">\n\t\t\t\t\t<div class=\"e-con-inner\">\n\t\t<div class=\"elementor-element elementor-element-21711c1 e-flex e-con-boxed e-con e-child\" data-id=\"21711c1\" data-element_type=\"container\" data-settings=\"{&quot;content_width&quot;:&quot;boxed&quot;}\">\n\t\t\t\t\t<div class=\"e-con-inner\">\n\t\t<div class=\"elementor-element elementor-element-40c317e e-flex e-con-boxed e-con e-child\" data-id=\"40c317e\" data-element_type=\"container\" data-settings=\"{&quot;content_width&quot;:&quot;boxed&quot;}\">\n\t\t\t\t\t<div class=\"e-con-inner\">\n\t\t<a class=\"elementor-element elementor-element-2e53c49 e-con-full cta e-flex e-con e-child\" data-id=\"2e53c49\" data-element_type=\"container\" data-settings=\"{&quot;content_width&quot;:&quot;full&quot;,&quot;background_background&quot;:&quot;classic&quot;}\" href=\"https:\/\/aindpro.ee\/kontakt\/\">\n\t\t\t\t<div class=\"elementor-element elementor-element-909423f elementor-widget elementor-widget-heading\" data-id=\"909423f\" data-element_type=\"widget\" data-widget_type=\"heading.default\">\n\t\t\t\t<div class=\"elementor-widget-container\">\n\t\t\t<h2 class=\"elementor-heading-title elementor-size-default\">CONTACT US<\/h2>\t\t<\/div>\n\t\t\t\t<\/div>\n\t\t\t\t<div class=\"elementor-element elementor-element-25c28d3 cta-icon elementor-view-default elementor-widget elementor-widget-icon\" data-id=\"25c28d3\" data-element_type=\"widget\" data-widget_type=\"icon.default\">\n\t\t\t\t<div class=\"elementor-widget-container\">\n\t\t\t\t\t<div class=\"elementor-icon-wrapper\">\n\t\t\t<div class=\"elementor-icon\">\n\t\t\t<svg aria-hidden=\"true\" class=\"e-font-icon-svg e-fas-chevron-right\" viewBox=\"0 0 320 512\" xmlns=\"http:\/\/www.w3.org\/2000\/svg\"><path d=\"M285.476 272.971L91.132 467.314c-9.373 9.373-24.569 9.373-33.941 0l-22.667-22.667c-9.357-9.357-9.375-24.522-.04-33.901L188.505 256 34.484 101.255c-9.335-9.379-9.317-24.544.04-33.901l22.667-22.667c9.373-9.373 24.569-9.373 33.941 0L285.475 239.03c9.373 9.372 9.373 24.568.001 33.941z\"><\/path><\/svg>\t\t\t<\/div>\n\t\t<\/div>\n\t\t\t\t<\/div>\n\t\t\t\t<\/div>\n\t\t\t\t<\/a>\n\t\t\t\t\t<\/div>\n\t\t\t\t<\/div>\n\t\t\t\t\t<\/div>\n\t\t\t\t<\/div>\n\t\t\t\t\t<\/div>\n\t\t\t\t<\/div>\n\t\t\t\t<\/div>\n\t\t","protected":false},"excerpt":{"rendered":"<p>Industries Infrastructure (water) Energy production Processing industry Aindpro Automation O\u00dc offers solutions for industrial automation, digitalization, as well as solutions for collecting and processing production process data. Meie meeskond omab \u00fcle 25 aastast kogemust t\u00f6\u00f6tleva t\u00f6\u00f6stuse automatiseerimise valdkonnas. Omame kogemust keemiat\u00f6\u00f6stuses, kaevandustes, puidu- ja paberit\u00f6\u00f6stuses,&nbsp;toiduainet\u00f6\u00f6stuses, plastit\u00f6\u00f6stuses, jne. Automating the production process and optimizing existing automation, [&hellip;]<\/p>\n","protected":false},"author":1,"featured_media":0,"parent":0,"menu_order":0,"comment_status":"closed","ping_status":"closed","template":"elementor_header_footer","meta":{"footnotes":""},"class_list":["post-1641","page","type-page","status-publish","hentry"],"yoast_head":"<!-- This site is optimized with the Yoast SEO plugin v22.0 - https:\/\/yoast.com\/wordpress\/plugins\/seo\/ -->\n<title>Processing industry - Aindpro<\/title>\n<meta name=\"robots\" content=\"index, follow, max-snippet:-1, max-image-preview:large, max-video-preview:-1\" \/>\n<link rel=\"canonical\" href=\"https:\/\/aindpro.ee\/en\/processing-industry\/\" \/>\n<meta property=\"og:locale\" content=\"en_US\" \/>\n<meta property=\"og:type\" content=\"article\" \/>\n<meta property=\"og:title\" content=\"Processing industry - Aindpro\" \/>\n<meta property=\"og:description\" content=\"Industries Infrastructure (water) Energy production Processing industry Aindpro Automation O\u00dc offers solutions for industrial automation, digitalization, as well as solutions for collecting and processing production process data. Meie meeskond omab \u00fcle 25 aastast kogemust t\u00f6\u00f6tleva t\u00f6\u00f6stuse automatiseerimise valdkonnas. Omame kogemust keemiat\u00f6\u00f6stuses, kaevandustes, puidu- ja paberit\u00f6\u00f6stuses,&nbsp;toiduainet\u00f6\u00f6stuses, plastit\u00f6\u00f6stuses, jne. Automating the production process and optimizing existing automation, [&hellip;]\" \/>\n<meta property=\"og:url\" content=\"https:\/\/aindpro.ee\/en\/processing-industry\/\" \/>\n<meta property=\"og:site_name\" content=\"Aindpro\" \/>\n<meta property=\"article:modified_time\" content=\"2024-03-06T08:00:24+00:00\" \/>\n<meta property=\"og:image\" content=\"https:\/\/aindpro.ee\/wp-content\/uploads\/2024\/01\/Tootlev-toostus--1024x768.jpg\" \/>\n<meta name=\"twitter:card\" content=\"summary_large_image\" \/>\n<meta name=\"twitter:label1\" content=\"Est. reading time\" \/>\n\t<meta name=\"twitter:data1\" content=\"1 minute\" \/>\n<script type=\"application\/ld+json\" class=\"yoast-schema-graph\">{\"@context\":\"https:\/\/schema.org\",\"@graph\":[{\"@type\":\"WebPage\",\"@id\":\"https:\/\/aindpro.ee\/en\/processing-industry\/\",\"url\":\"https:\/\/aindpro.ee\/en\/processing-industry\/\",\"name\":\"Processing industry - Aindpro\",\"isPartOf\":{\"@id\":\"https:\/\/aindpro.ee\/#website\"},\"datePublished\":\"2024-01-09T10:50:05+00:00\",\"dateModified\":\"2024-03-06T08:00:24+00:00\",\"breadcrumb\":{\"@id\":\"https:\/\/aindpro.ee\/en\/processing-industry\/#breadcrumb\"},\"inLanguage\":\"en-US\",\"potentialAction\":[{\"@type\":\"ReadAction\",\"target\":[\"https:\/\/aindpro.ee\/en\/processing-industry\/\"]}]},{\"@type\":\"BreadcrumbList\",\"@id\":\"https:\/\/aindpro.ee\/en\/processing-industry\/#breadcrumb\",\"itemListElement\":[{\"@type\":\"ListItem\",\"position\":1,\"name\":\"Home\",\"item\":\"https:\/\/aindpro.ee\/\"},{\"@type\":\"ListItem\",\"position\":2,\"name\":\"Processing industry\"}]},{\"@type\":\"WebSite\",\"@id\":\"https:\/\/aindpro.ee\/#website\",\"url\":\"https:\/\/aindpro.ee\/\",\"name\":\"Aindpro\",\"description\":\"T\u00f6\u00f6stusautomaatika\",\"publisher\":{\"@id\":\"https:\/\/aindpro.ee\/#organization\"},\"potentialAction\":[{\"@type\":\"SearchAction\",\"target\":{\"@type\":\"EntryPoint\",\"urlTemplate\":\"https:\/\/aindpro.ee\/?s={search_term_string}\"},\"query-input\":\"required name=search_term_string\"}],\"inLanguage\":\"en-US\"},{\"@type\":\"Organization\",\"@id\":\"https:\/\/aindpro.ee\/#organization\",\"name\":\"Aindpro\",\"url\":\"https:\/\/aindpro.ee\/\",\"logo\":{\"@type\":\"ImageObject\",\"inLanguage\":\"en-US\",\"@id\":\"https:\/\/aindpro.ee\/#\/schema\/logo\/image\/\",\"url\":\"https:\/\/aindpro.ee\/wp-content\/uploads\/2023\/12\/apro_logo-transformed-1.png\",\"contentUrl\":\"https:\/\/aindpro.ee\/wp-content\/uploads\/2023\/12\/apro_logo-transformed-1.png\",\"width\":955,\"height\":300,\"caption\":\"Aindpro\"},\"image\":{\"@id\":\"https:\/\/aindpro.ee\/#\/schema\/logo\/image\/\"}}]}<\/script>\n<!-- \/ Yoast SEO plugin. -->","yoast_head_json":{"title":"Processing industry - Aindpro","robots":{"index":"index","follow":"follow","max-snippet":"max-snippet:-1","max-image-preview":"max-image-preview:large","max-video-preview":"max-video-preview:-1"},"canonical":"https:\/\/aindpro.ee\/en\/processing-industry\/","og_locale":"en_US","og_type":"article","og_title":"Processing industry - Aindpro","og_description":"Industries Infrastructure (water) Energy production Processing industry Aindpro Automation O\u00dc offers solutions for industrial automation, digitalization, as well as solutions for collecting and processing production process data. Meie meeskond omab \u00fcle 25 aastast kogemust t\u00f6\u00f6tleva t\u00f6\u00f6stuse automatiseerimise valdkonnas. Omame kogemust keemiat\u00f6\u00f6stuses, kaevandustes, puidu- ja paberit\u00f6\u00f6stuses,&nbsp;toiduainet\u00f6\u00f6stuses, plastit\u00f6\u00f6stuses, jne. Automating the production process and optimizing existing automation, [&hellip;]","og_url":"https:\/\/aindpro.ee\/en\/processing-industry\/","og_site_name":"Aindpro","article_modified_time":"2024-03-06T08:00:24+00:00","og_image":[{"url":"https:\/\/aindpro.ee\/wp-content\/uploads\/2024\/01\/Tootlev-toostus--1024x768.jpg"}],"twitter_card":"summary_large_image","twitter_misc":{"Est. reading time":"1 minute"},"schema":{"@context":"https:\/\/schema.org","@graph":[{"@type":"WebPage","@id":"https:\/\/aindpro.ee\/en\/processing-industry\/","url":"https:\/\/aindpro.ee\/en\/processing-industry\/","name":"Processing industry - Aindpro","isPartOf":{"@id":"https:\/\/aindpro.ee\/#website"},"datePublished":"2024-01-09T10:50:05+00:00","dateModified":"2024-03-06T08:00:24+00:00","breadcrumb":{"@id":"https:\/\/aindpro.ee\/en\/processing-industry\/#breadcrumb"},"inLanguage":"en-US","potentialAction":[{"@type":"ReadAction","target":["https:\/\/aindpro.ee\/en\/processing-industry\/"]}]},{"@type":"BreadcrumbList","@id":"https:\/\/aindpro.ee\/en\/processing-industry\/#breadcrumb","itemListElement":[{"@type":"ListItem","position":1,"name":"Home","item":"https:\/\/aindpro.ee\/"},{"@type":"ListItem","position":2,"name":"Processing industry"}]},{"@type":"WebSite","@id":"https:\/\/aindpro.ee\/#website","url":"https:\/\/aindpro.ee\/","name":"Aindpro","description":"T\u00f6\u00f6stusautomaatika","publisher":{"@id":"https:\/\/aindpro.ee\/#organization"},"potentialAction":[{"@type":"SearchAction","target":{"@type":"EntryPoint","urlTemplate":"https:\/\/aindpro.ee\/?s={search_term_string}"},"query-input":"required name=search_term_string"}],"inLanguage":"en-US"},{"@type":"Organization","@id":"https:\/\/aindpro.ee\/#organization","name":"Aindpro","url":"https:\/\/aindpro.ee\/","logo":{"@type":"ImageObject","inLanguage":"en-US","@id":"https:\/\/aindpro.ee\/#\/schema\/logo\/image\/","url":"https:\/\/aindpro.ee\/wp-content\/uploads\/2023\/12\/apro_logo-transformed-1.png","contentUrl":"https:\/\/aindpro.ee\/wp-content\/uploads\/2023\/12\/apro_logo-transformed-1.png","width":955,"height":300,"caption":"Aindpro"},"image":{"@id":"https:\/\/aindpro.ee\/#\/schema\/logo\/image\/"}}]}},"_links":{"self":[{"href":"https:\/\/aindpro.ee\/en\/wp-json\/wp\/v2\/pages\/1641","targetHints":{"allow":["GET"]}}],"collection":[{"href":"https:\/\/aindpro.ee\/en\/wp-json\/wp\/v2\/pages"}],"about":[{"href":"https:\/\/aindpro.ee\/en\/wp-json\/wp\/v2\/types\/page"}],"author":[{"embeddable":true,"href":"https:\/\/aindpro.ee\/en\/wp-json\/wp\/v2\/users\/1"}],"replies":[{"embeddable":true,"href":"https:\/\/aindpro.ee\/en\/wp-json\/wp\/v2\/comments?post=1641"}],"version-history":[{"count":13,"href":"https:\/\/aindpro.ee\/en\/wp-json\/wp\/v2\/pages\/1641\/revisions"}],"predecessor-version":[{"id":1797,"href":"https:\/\/aindpro.ee\/en\/wp-json\/wp\/v2\/pages\/1641\/revisions\/1797"}],"wp:attachment":[{"href":"https:\/\/aindpro.ee\/en\/wp-json\/wp\/v2\/media?parent=1641"}],"curies":[{"name":"wp","href":"https:\/\/api.w.org\/{rel}","templated":true}]}}